{"id":2,"date":"2015-07-26T09:42:54","date_gmt":"2015-07-26T09:42:54","guid":{"rendered":"http:\/\/www.cypelvellon2000.com\/?page_id=2"},"modified":"2015-08-17T09:07:34","modified_gmt":"2015-08-17T09:07:34","slug":"pagina-ejemplo","status":"publish","type":"page","link":"https:\/\/www.cypelvellon2000.com\/","title":{"rendered":"Quienes somos"},"content":{"rendered":"<h5 style=\"text-align: justify;\"><strong>Empresa dedicada desde 1998 a la construcci\u00f3n y venta de inmuebles, con una dilatada experiencia, <\/strong><strong>en\u00a0transacciones\u00a0inmobiliarias, viviendas unifamiliares, pisos, terrenos, parcelas, tanto en venta como <\/strong><strong>alquiler.<\/strong><\/h5>\n<h5 style=\"text-align: justify;\"><strong>Tambi\u00e9n elaboramos proyectos de construcci\u00f3n y si desea, se lo construimos.<\/strong><\/h5>\n<h5 style=\"text-align: justify;\"><strong>Mediciones de fincas y solares, elaboraci\u00f3n de certificados y dict\u00e1menes.<\/strong><\/h5>\n","protected":false},"excerpt":{"rendered":"<p>Empresa dedicada desde 1998 a la construcci\u00f3n y venta de inmuebles, con una dilatada experiencia, en\u00a0transacciones\u00a0inmobiliarias, viviendas unifamiliares, pisos, terrenos, parcelas, tanto en venta como alquiler. Tambi\u00e9n elaboramos proyectos de construcci\u00f3n y si desea, se lo construimos. Mediciones de fincas y solares, elaboraci\u00f3n de certificados y dict\u00e1menes.<\/p>\n","protected":false},"author":1,"featured_media":0,"parent":0,"menu_order":0,"comment_status":"closed","ping_status":"closed","template":"","meta":{"footnotes":""},"class_list":["post-2","page","type-page","status-publish","hentry"],"_links":{"self":[{"href":"https:\/\/www.cypelvellon2000.com\/index.php?rest_route=\/wp\/v2\/pages\/2","targetHints":{"allow":["GET"]}}],"collection":[{"href":"https:\/\/www.cypelvellon2000.com\/index.php?rest_route=\/wp\/v2\/pages"}],"about":[{"href":"https:\/\/www.cypelvellon2000.com\/index.php?rest_route=\/wp\/v2\/types\/page"}],"author":[{"embeddable":true,"href":"https:\/\/www.cypelvellon2000.com\/index.php?rest_route=\/wp\/v2\/users\/1"}],"replies":[{"embeddable":true,"href":"https:\/\/www.cypelvellon2000.com\/index.php?rest_route=%2Fwp%2Fv2%2Fcomments&post=2"}],"version-history":[{"count":6,"href":"https:\/\/www.cypelvellon2000.com\/index.php?rest_route=\/wp\/v2\/pages\/2\/revisions"}],"predecessor-version":[{"id":62,"href":"https:\/\/www.cypelvellon2000.com\/index.php?rest_route=\/wp\/v2\/pages\/2\/revisions\/62"}],"wp:attachment":[{"href":"https:\/\/www.cypelvellon2000.com\/index.php?rest_route=%2Fwp%2Fv2%2Fmedia&parent=2"}],"curies":[{"name":"wp","href":"https:\/\/api.w.org\/{rel}","templated":true}]}}